{"id":1997,"date":"2020-05-11T16:42:36","date_gmt":"2020-05-11T19:42:36","guid":{"rendered":"https:\/\/ribas-secco.com\/?page_id=1997"},"modified":"2020-05-11T17:38:44","modified_gmt":"2020-05-11T20:38:44","slug":"resources","status":"publish","type":"page","link":"https:\/\/ribas-secco.com\/en\/resources\/","title":{"rendered":"Resources"},"content":{"rendered":"<section class=\"l-section wpb_row height_medium\"><div class=\"l-section-h i-cf\"><div class=\"g-cols vc_row via_flex valign_top type_default stacking_default\"><div class=\"vc_col-sm-12 wpb_column vc_column_container\"><div class=\"vc_column-inner\"><div class=\"wpb_wrapper\"><div class=\"w-grid type_grid layout_1911 cols_4 with_pagination overflow_hidden\" id=\"us_grid_1\" style=\"--gap:10px;\" data-filterable=\"true\"><style>@media (max-width:1280px){#us_grid_1 .w-grid-item{width:33.3333%}}@media (max-width:1024px){#us_grid_1 .w-grid-item{width:50%}}@media (max-width:600px){#us_grid_1 .w-grid-list{margin:0}#us_grid_1 .w-grid-item{width:100%;padding:0;margin-bottom:var(--gap,0px)}}.layout_1911 .w-grid-item-h{background:#ffffff;border-radius:0.3rem;box-shadow:0 0.03rem 0.06rem rgba(0,0,0,0.1),0 0.1rem 0.3rem rgba(0,0,0,0.1);transition-duration:0.3s}.no-touch .layout_1911 .w-grid-item-h:hover{box-shadow:0 0.1rem 0.2rem rgba(0,0,0,0.1),0 0.33rem 1rem rgba(0,0,0,0.15);z-index:4}.layout_1911 .usg_post_title_1{font-family:var(--h1-font-family)!important;font-size:1.2rem!important;font-weight:700!important}.layout_1911 .usg_vwrapper_1{padding:9% 11% 11% 11%!important}.layout_1911 .usg_post_taxonomy_1{position:absolute!important;top:1.2rem!important;left:1.2rem!important;right:1.2rem!important;font-size:10px!important;font-weight:700!important;text-transform:uppercase!important}<\/style><div class=\"w-grid-list\">\t<article class=\"w-grid-item size_1x1 post-1848 material type-material status-publish has-post-thumbnail hentry categoria-de-material-revista\" data-id=\"1848\">\r\n\t\t<div class=\"w-grid-item-h\">\r\n\t\t\t\t\t\t<div class=\"w-post-elm post_image usg_post_image_1 stretched\"><a href=\"https:\/\/ribas-secco.com\/en\/material\/en-revista-de-recursos-repetitivos-stj\/\" aria-label=\"EN &#8211; Revista de Recursos Repetitivos STJ\"><img loading=\"lazy\" decoding=\"async\" width=\"640\" height=\"358\" src=\"https:\/\/ribas-secco.com\/wp-content\/uploads\/2020\/05\/revista-de-recursos-repetitivos.png\" class=\"attachment-large size-large wp-post-image\" alt=\"\" srcset=\"https:\/\/ribas-secco.com\/wp-content\/uploads\/2020\/05\/revista-de-recursos-repetitivos.png 640w, https:\/\/ribas-secco.com\/wp-content\/uploads\/2020\/05\/revista-de-recursos-repetitivos-300x168.png 300w\" sizes=\"auto, (max-width: 640px) 100vw, 640px\" \/><\/a><\/div><div class=\"w-vwrapper usg_vwrapper_1 align_left valign_top\"><h2 class=\"w-post-elm post_title usg_post_title_1 entry-title color_link_inherit\"><a href=\"https:\/\/ribas-secco.com\/en\/material\/en-revista-de-recursos-repetitivos-stj\/\">EN &#8211; Revista de Recursos Repetitivos STJ<\/a><\/h2><div class=\"w-post-elm post_content usg_post_content_1\"><p>O STJ lan\u00e7ou recentemente a 1\u00aa edi\u00e7\u00e3o da Revista de Recursos Repetitivos. Este material tem como objetivo ajudar-nos a localizar jurisprud\u00eancia relevante para nossos trabalhos, dando efici\u00eancia aos processos.<\/p>\n<\/div><a class=\"w-btn us-btn-style_1 usg_btn_2\" href=\"https:\/\/ribas-secco.com\/en\/material\/en-revista-de-recursos-repetitivos-stj\/\"><span class=\"w-btn-label\">Saiba Mais<\/span><\/a><\/div>\t\t<\/div>\r\n\t\t\t<\/article>\r\n\t<article class=\"w-grid-item size_1x1 post-1849 material type-material status-publish has-post-thumbnail hentry categoria-de-material-en-apresentacao\" data-id=\"1849\">\r\n\t\t<div class=\"w-grid-item-h\">\r\n\t\t\t\t\t\t<div class=\"w-post-elm post_image usg_post_image_1 stretched\"><a href=\"https:\/\/ribas-secco.com\/en\/material\/expertise-a-womans-no-man-land\/\" aria-label=\"Expertise: A woman\u2019s no man land?\"><img loading=\"lazy\" decoding=\"async\" width=\"640\" height=\"358\" src=\"https:\/\/ribas-secco.com\/wp-content\/uploads\/2020\/05\/a-mulher-perita-na-arbitragem.png\" class=\"attachment-large size-large wp-post-image\" alt=\"\" srcset=\"https:\/\/ribas-secco.com\/wp-content\/uploads\/2020\/05\/a-mulher-perita-na-arbitragem.png 640w, https:\/\/ribas-secco.com\/wp-content\/uploads\/2020\/05\/a-mulher-perita-na-arbitragem-300x168.png 300w\" sizes=\"auto, (max-width: 640px) 100vw, 640px\" \/><\/a><\/div><div class=\"w-vwrapper usg_vwrapper_1 align_left valign_top\"><h2 class=\"w-post-elm post_title usg_post_title_1 entry-title color_link_inherit\"><a href=\"https:\/\/ribas-secco.com\/en\/material\/expertise-a-womans-no-man-land\/\">Expertise: A woman\u2019s no man land?<\/a><\/h2><div class=\"w-post-elm post_content usg_post_content_1\"><p>Alessandra Ribas Secco, our CEO, was invited to participate on a pannel at the 15th ICC Miami Conference of International Arbitration, where she talks about the experience of a Woman in this business.<\/p>\n<\/div><a class=\"w-btn us-btn-style_1 usg_btn_2\" href=\"https:\/\/ribas-secco.com\/en\/material\/expertise-a-womans-no-man-land\/\"><span class=\"w-btn-label\">Saiba Mais<\/span><\/a><\/div>\t\t<\/div>\r\n\t\t\t<\/article>\r\n<\/div><div class=\"w-grid-preloader\">\t<div class=\"g-preloader type_custom\">\r\n\t\t<div><\/div>\r\n\t<\/div>\r\n\t<\/div>\t<div class=\"w-grid-json hidden\" onclick='return {&quot;action&quot;:&quot;us_ajax_grid&quot;,&quot;infinite_scroll&quot;:0,&quot;max_num_pages&quot;:1,&quot;pagination&quot;:&quot;regular&quot;,&quot;template_vars&quot;:{&quot;columns&quot;:&quot;4&quot;,&quot;exclude_items&quot;:&quot;none&quot;,&quot;img_size&quot;:&quot;default&quot;,&quot;ignore_items_size&quot;:0,&quot;items_layout&quot;:&quot;1911&quot;,&quot;items_offset&quot;:&quot;1&quot;,&quot;load_animation&quot;:&quot;none&quot;,&quot;overriding_link&quot;:&quot;{\\&quot;url\\&quot;:\\&quot;\\&quot;}&quot;,&quot;post_id&quot;:0,&quot;query_args&quot;:{&quot;post_type&quot;:[&quot;material&quot;],&quot;post_status&quot;:[&quot;publish&quot;],&quot;posts_per_page&quot;:&quot;12&quot;},&quot;orderby_query_args&quot;:{&quot;orderby&quot;:{&quot;date&quot;:&quot;DESC&quot;}},&quot;type&quot;:&quot;grid&quot;,&quot;us_grid_post_type&quot;:&quot;material&quot;,&quot;us_grid_ajax_index&quot;:1,&quot;us_grid_filter_params&quot;:[],&quot;us_grid_index&quot;:1,&quot;page_args&quot;:[],&quot;lang&quot;:&quot;en&quot;}}'><\/div>\r\n\t<\/div><\/div><\/div><\/div><\/div><\/div><\/section>\n","protected":false},"excerpt":{"rendered":"[vc_custom_heading text=\"Expertise: A woman's no man land? Download the presentation for free!\" font_container=\"tag:h2|text_align:center\" use_theme_fonts=\"yes\" css=\"%7B%22default%22%3A%7B%22color%22%3A%22%238f2c2c%22%2C%22font-size%22%3A%221.87rem%22%2C%22line-height%22%3A%221.1%22%7D%7D\"]Alessandra Ribas Secco, our CEO, was invited to participate on a pannel at the 15th ICC Miami Conference of International Arbitration, where she talks about the experience of a Woman in this business. [vc_custom_heading text=\"Download\" font_container=\"tag:h2|text_align:center\" use_theme_fonts=\"yes\" css=\"%7B%22default%22%3A%7B%22color%22%3A%22%238f2c2c%22%2C%22font-size%22%3A%221.6rem%22%2C%22line-height%22%3A%221.1%22%7D%7D\"]Fill out the form...","protected":false},"author":2,"featured_media":0,"parent":0,"menu_order":0,"comment_status":"closed","ping_status":"closed","template":"","meta":{"footnotes":""},"class_list":["post-1997","page","type-page","status-publish","hentry"],"_links":{"self":[{"href":"https:\/\/ribas-secco.com\/en\/wp-json\/wp\/v2\/pages\/1997","targetHints":{"allow":["GET"]}}],"collection":[{"href":"https:\/\/ribas-secco.com\/en\/wp-json\/wp\/v2\/pages"}],"about":[{"href":"https:\/\/ribas-secco.com\/en\/wp-json\/wp\/v2\/types\/page"}],"author":[{"embeddable":true,"href":"https:\/\/ribas-secco.com\/en\/wp-json\/wp\/v2\/users\/2"}],"replies":[{"embeddable":true,"href":"https:\/\/ribas-secco.com\/en\/wp-json\/wp\/v2\/comments?post=1997"}],"version-history":[{"count":0,"href":"https:\/\/ribas-secco.com\/en\/wp-json\/wp\/v2\/pages\/1997\/revisions"}],"wp:attachment":[{"href":"https:\/\/ribas-secco.com\/en\/wp-json\/wp\/v2\/media?parent=1997"}],"curies":[{"name":"wp","href":"https:\/\/api.w.org\/{rel}","templated":true}]}}