{"id":1995,"date":"2020-05-11T17:27:41","date_gmt":"2020-05-11T20:27:41","guid":{"rendered":"https:\/\/ribas-secco.com\/?page_id=1995"},"modified":"2020-05-11T17:27:41","modified_gmt":"2020-05-11T20:27:41","slug":"blog","status":"publish","type":"page","link":"https:\/\/ribas-secco.com\/en\/blog\/","title":{"rendered":"Blog"},"content":{"rendered":"<section class=\"l-section wpb_row height_medium width_full\"><div class=\"l-section-h i-cf\"><div class=\"g-cols vc_row via_flex valign_top type_default stacking_default\"><div class=\"vc_col-sm-12 wpb_column vc_column_container\"><div class=\"vc_column-inner\"><div class=\"wpb_wrapper\"><div class=\"w-grid type_grid layout_blog_classic cols_2 with_pagination\" id=\"us_grid_1\" style=\"--gap:1.5rem;\" data-filterable=\"true\"><style>@media (max-width:600px){#us_grid_1 .w-grid-list{margin:0}#us_grid_1 .w-grid-item{width:100%;padding:0;margin-bottom:var(--gap,0px)}}.layout_blog_classic .w-grid-item-h{}.layout_blog_classic .usg_post_image_1{margin-bottom:1rem!important}.layout_blog_classic .usg_post_title_1{font-size:1.4rem!important;font-weight:700!important;margin-bottom:0.5rem!important}.layout_blog_classic .usg_hwrapper_1{color:var(--color-content-faded)!important;font-size:0.9rem!important}.layout_blog_classic .usg_post_taxonomy_1{font-weight:700!important;text-transform:uppercase!important}.layout_blog_classic .usg_post_content_1{max-width:600px!important;margin-top:0.5rem!important}<\/style><div class=\"w-grid-list\">\t<article class=\"w-grid-item size_1x1 post-1336 post type-post status-publish format-standard has-post-thumbnail hentry\" data-id=\"1336\">\r\n\t\t<div class=\"w-grid-item-h\">\r\n\t\t\t\t\t\t<div class=\"w-post-elm post_image usg_post_image_1 stretched\"><a href=\"https:\/\/ribas-secco.com\/en\/en-5-dicas-para-adotar-compliance-em-sua-empresa\/\" aria-label=\"EN &#8211; 5 dicas para adotar compliance em sua empresa\"><img loading=\"lazy\" decoding=\"async\" width=\"900\" height=\"476\" src=\"https:\/\/ribas-secco.com\/wp-content\/uploads\/2018\/08\/post-image-25.png\" class=\"attachment-large size-large wp-post-image\" alt=\"\" srcset=\"https:\/\/ribas-secco.com\/wp-content\/uploads\/2018\/08\/post-image-25.png 900w, https:\/\/ribas-secco.com\/wp-content\/uploads\/2018\/08\/post-image-25-300x159.png 300w\" sizes=\"auto, (max-width: 900px) 100vw, 900px\" \/><\/a><\/div><h2 class=\"w-post-elm post_title usg_post_title_1 entry-title color_link_inherit\"><a href=\"https:\/\/ribas-secco.com\/en\/en-5-dicas-para-adotar-compliance-em-sua-empresa\/\">EN &#8211; 5 dicas para adotar compliance em sua empresa<\/a><\/h2><div class=\"w-hwrapper usg_hwrapper_1 has_text_color align_none valign_top wrap\"><time class=\"w-post-elm post_date usg_post_date_1 entry-date published\" datetime=\"2018-09-24T17:15:03-03:00\" title=\"24 September 2018 at 17:15:03 America\/Sao_Paulo\">8 years ago<\/time><\/div><div class=\"w-post-elm post_content usg_post_content_1\">Ap\u00f3s muitos esc\u00e2ndalos de corrup\u00e7\u00e3o e investiga\u00e7\u00f5es contra crimes fiscais que o Brasil viveu nos \u00faltimos tempos, o rigor nos controles internos e a verifica\u00e7\u00e3o das a\u00e7\u00f5es de todos os&hellip;<\/div>\t\t<\/div>\r\n\t\t\t<\/article>\r\n\t<article class=\"w-grid-item size_1x1 post-1335 post type-post status-publish format-standard has-post-thumbnail hentry category-uncategorized\" data-id=\"1335\">\r\n\t\t<div class=\"w-grid-item-h\">\r\n\t\t\t\t\t\t<div class=\"w-post-elm post_image usg_post_image_1 stretched\"><a href=\"https:\/\/ribas-secco.com\/en\/en-como-o-esocial-impacta-sua-empresa\/\" aria-label=\"EN &#8211; Como o eSocial impacta sua empresa?\"><img loading=\"lazy\" decoding=\"async\" width=\"900\" height=\"476\" src=\"https:\/\/ribas-secco.com\/wp-content\/uploads\/2018\/08\/post-image-45.png\" class=\"attachment-large size-large wp-post-image\" alt=\"\" srcset=\"https:\/\/ribas-secco.com\/wp-content\/uploads\/2018\/08\/post-image-45.png 900w, https:\/\/ribas-secco.com\/wp-content\/uploads\/2018\/08\/post-image-45-300x159.png 300w\" sizes=\"auto, (max-width: 900px) 100vw, 900px\" \/><\/a><\/div><h2 class=\"w-post-elm post_title usg_post_title_1 entry-title color_link_inherit\"><a href=\"https:\/\/ribas-secco.com\/en\/en-como-o-esocial-impacta-sua-empresa\/\">EN &#8211; Como o eSocial impacta sua empresa?<\/a><\/h2><div class=\"w-hwrapper usg_hwrapper_1 has_text_color align_none valign_top wrap\"><div class=\"w-post-elm post_taxonomy usg_post_taxonomy_1 style_simple\"><a class=\"term-7 term-uncategorized\" href=\"https:\/\/ribas-secco.com\/en\/category\/uncategorized\/\">Uncategorized<\/a><\/div><time class=\"w-post-elm post_date usg_post_date_1 entry-date published\" datetime=\"2018-09-24T17:14:55-03:00\" title=\"24 September 2018 at 17:14:55 America\/Sao_Paulo\">8 years ago<\/time><\/div><div class=\"w-post-elm post_content usg_post_content_1\">Sua empresa j\u00e1 est\u00e1 adequada ao eSocial? A partir de julho, tornou-se obrigat\u00f3ria a integra\u00e7\u00e3o do sistema utilizado internamente por cada empresa com o Programa do Governo, independente do tamanho&hellip;<\/div>\t\t<\/div>\r\n\t\t\t<\/article>\r\n\t<article class=\"w-grid-item size_1x1 post-1334 post type-post status-publish format-standard has-post-thumbnail hentry\" data-id=\"1334\">\r\n\t\t<div class=\"w-grid-item-h\">\r\n\t\t\t\t\t\t<div class=\"w-post-elm post_image usg_post_image_1 stretched\"><a href=\"https:\/\/ribas-secco.com\/en\/en-a-importancia-de-organizar-os-contratos-e-extratos-bancarios-da-empresa\/\" aria-label=\"EN &#8211; A import\u00e2ncia de organizar os contratos e extratos banc\u00e1rios da empresa\"><img loading=\"lazy\" decoding=\"async\" width=\"900\" height=\"476\" src=\"https:\/\/ribas-secco.com\/wp-content\/uploads\/2018\/08\/post-image-39.png\" class=\"attachment-large size-large wp-post-image\" alt=\"\" srcset=\"https:\/\/ribas-secco.com\/wp-content\/uploads\/2018\/08\/post-image-39.png 900w, https:\/\/ribas-secco.com\/wp-content\/uploads\/2018\/08\/post-image-39-300x159.png 300w\" sizes=\"auto, (max-width: 900px) 100vw, 900px\" \/><\/a><\/div><h2 class=\"w-post-elm post_title usg_post_title_1 entry-title color_link_inherit\"><a href=\"https:\/\/ribas-secco.com\/en\/en-a-importancia-de-organizar-os-contratos-e-extratos-bancarios-da-empresa\/\">EN &#8211; A import\u00e2ncia de organizar os contratos e extratos banc\u00e1rios da empresa<\/a><\/h2><div class=\"w-hwrapper usg_hwrapper_1 has_text_color align_none valign_top wrap\"><time class=\"w-post-elm post_date usg_post_date_1 entry-date published\" datetime=\"2018-09-24T17:14:48-03:00\" title=\"24 September 2018 at 17:14:48 America\/Sao_Paulo\">8 years ago<\/time><\/div><div class=\"w-post-elm post_content usg_post_content_1\">Dentro de uma empresa, s\u00e3o muitos os cuidados para manter a cultura organizacional, ainda mais em processos de crescimento. Uma das a\u00e7\u00f5es mais importantes \u00e9 a administra\u00e7\u00e3o de documentos, extratos&hellip;<\/div>\t\t<\/div>\r\n\t\t\t<\/article>\r\n<\/div><div class=\"w-grid-preloader\">\t<div class=\"g-preloader type_custom\">\r\n\t\t<div><\/div>\r\n\t<\/div>\r\n\t<\/div>\t<div class=\"w-grid-json hidden\" onclick='return {&quot;action&quot;:&quot;us_ajax_grid&quot;,&quot;infinite_scroll&quot;:0,&quot;max_num_pages&quot;:1,&quot;pagination&quot;:&quot;regular&quot;,&quot;template_vars&quot;:{&quot;columns&quot;:&quot;2&quot;,&quot;exclude_items&quot;:&quot;none&quot;,&quot;img_size&quot;:&quot;default&quot;,&quot;ignore_items_size&quot;:0,&quot;items_layout&quot;:&quot;blog_classic&quot;,&quot;items_offset&quot;:&quot;1&quot;,&quot;load_animation&quot;:&quot;none&quot;,&quot;overriding_link&quot;:&quot;{\\&quot;url\\&quot;:\\&quot;\\&quot;}&quot;,&quot;post_id&quot;:0,&quot;query_args&quot;:{&quot;post_type&quot;:[&quot;post&quot;],&quot;post_status&quot;:[&quot;publish&quot;],&quot;posts_per_page&quot;:&quot;10&quot;},&quot;orderby_query_args&quot;:{&quot;orderby&quot;:{&quot;date&quot;:&quot;DESC&quot;}},&quot;type&quot;:&quot;grid&quot;,&quot;us_grid_post_type&quot;:&quot;post&quot;,&quot;us_grid_ajax_index&quot;:1,&quot;us_grid_filter_params&quot;:[],&quot;us_grid_index&quot;:1,&quot;page_args&quot;:[],&quot;lang&quot;:&quot;en&quot;}}'><\/div>\r\n\t<\/div><\/div><\/div><\/div><\/div><\/div><\/section>\n","protected":false},"excerpt":{"rendered":"Dentro de uma empresa, s\u00e3o muitos os cuidados para manter a cultura organizacional, ainda mais em processos de crescimento. Uma das a\u00e7\u00f5es mais importantes \u00e9 a administra\u00e7\u00e3o de documentos, extratos e contratos, onde o volume tende a crescer em momentos de expans\u00e3o. Apenas guardar os pap\u00e9is referentes ao seu neg\u00f3cio n\u00e3o significa organizar. Pode ser...","protected":false},"author":2,"featured_media":0,"parent":0,"menu_order":0,"comment_status":"closed","ping_status":"closed","template":"","meta":{"footnotes":""},"class_list":["post-1995","page","type-page","status-publish","hentry"],"_links":{"self":[{"href":"https:\/\/ribas-secco.com\/en\/wp-json\/wp\/v2\/pages\/1995","targetHints":{"allow":["GET"]}}],"collection":[{"href":"https:\/\/ribas-secco.com\/en\/wp-json\/wp\/v2\/pages"}],"about":[{"href":"https:\/\/ribas-secco.com\/en\/wp-json\/wp\/v2\/types\/page"}],"author":[{"embeddable":true,"href":"https:\/\/ribas-secco.com\/en\/wp-json\/wp\/v2\/users\/2"}],"replies":[{"embeddable":true,"href":"https:\/\/ribas-secco.com\/en\/wp-json\/wp\/v2\/comments?post=1995"}],"version-history":[{"count":0,"href":"https:\/\/ribas-secco.com\/en\/wp-json\/wp\/v2\/pages\/1995\/revisions"}],"wp:attachment":[{"href":"https:\/\/ribas-secco.com\/en\/wp-json\/wp\/v2\/media?parent=1995"}],"curies":[{"name":"wp","href":"https:\/\/api.w.org\/{rel}","templated":true}]}}