{"id":1957,"date":"2020-05-11T15:36:34","date_gmt":"2020-05-11T18:36:34","guid":{"rendered":"https:\/\/ribas-secco.com\/?page_id=1957"},"modified":"2023-02-27T10:59:28","modified_gmt":"2023-02-27T13:59:28","slug":"analysis-and-valuations","status":"publish","type":"page","link":"https:\/\/ribas-secco.com\/en\/services\/analysis-and-valuations\/","title":{"rendered":"Analysis and Valuations"},"content":{"rendered":"<section class=\"l-section wpb_row height_medium width_full\"><div class=\"l-section-h i-cf\"><div class=\"g-cols vc_row via_flex valign_top type_default stacking_default\"><div class=\"vc_col-sm-12 wpb_column vc_column_container\"><div class=\"vc_column-inner\"><div class=\"wpb_wrapper\">[vc_custom_heading text=&#8221;Analysis and Valuations&#8221; use_theme_fonts=&#8221;yes&#8221;]<div class=\"wpb_text_column\"><div class=\"wpb_wrapper\"><p>We provide support services and business management assistance including analyzes and evaluations which we separate into 2 groups:<\/p>\n<\/div><\/div>[vc_custom_heading text=&#8221;Business Analyses&#8221; use_theme_fonts=&#8221;yes&#8221;]<div class=\"wpb_text_column\"><div class=\"wpb_wrapper\"><p>Identify the current accounting and financial situation of the company through means of diagnosis, and acting upon the improvement points with the implementation of management controls and procedures such as:<\/p>\n<\/div><\/div><div class=\"w-separator size_small\"><\/div><div class=\"g-cols wpb_row via_flex valign_top type_default stacking_default\"><div class=\"vc_col-sm-4 wpb_column vc_column_container\"><div class=\"vc_column-inner\"><div class=\"wpb_wrapper\"><div class=\"uavc-list-icon uavc-list-icon-wrapper ult-adjust-bottom-margin   \"><ul class=\"uavc-list\"><li><div class=\"uavc-list-content\" id=\"list-icon-wrap-8345\">\n<div class=\"uavc-list-icon  \" data-animation=\"\" data-animation-delay=\"03\" style=\"margin-right:5px;\"><div class=\"ult-just-icon-wrapper  \"><div class=\"align-icon\" style=\"text-align:center;\">\n<div class=\"aio-icon none \"  style=\"color:#96262c;font-size:15px;display:inline-block;\">\n\t<i class=\"Defaults-chevron-right\"><\/i>\n<\/div><\/div><\/div>\n<\/div><span  data-ultimate-target='#list-icon-wrap-8345 .uavc-list-desc'  data-responsive-json-new='{\"font-size\":\"\",\"line-height\":\"\"}'  class=\"uavc-list-desc ult-responsive\" style=\"\">Business Diagnostics<\/span><\/div><\/li><li><div class=\"uavc-list-content\" id=\"list-icon-wrap-7377\">\n<div class=\"uavc-list-icon  \" data-animation=\"\" data-animation-delay=\"03\" style=\"margin-right:5px;\"><div class=\"ult-just-icon-wrapper  \"><div class=\"align-icon\" style=\"text-align:center;\">\n<div class=\"aio-icon none \"  style=\"color:#96262c;font-size:15px;display:inline-block;\">\n\t<i class=\"Defaults-chevron-right\"><\/i>\n<\/div><\/div><\/div>\n<\/div><span  data-ultimate-target='#list-icon-wrap-7377 .uavc-list-desc'  data-responsive-json-new='{\"font-size\":\"\",\"line-height\":\"\"}'  class=\"uavc-list-desc ult-responsive\" style=\"\">Definition of strategies and sales price formation (including break-even analysis)<\/span><\/div><\/li><\/ul><\/div><\/div><\/div><\/div><div class=\"vc_col-sm-4 wpb_column vc_column_container\"><div class=\"vc_column-inner\"><div class=\"wpb_wrapper\"><div class=\"uavc-list-icon uavc-list-icon-wrapper ult-adjust-bottom-margin   \"><ul class=\"uavc-list\"><li><div class=\"uavc-list-content\" id=\"list-icon-wrap-1964\">\n<div class=\"uavc-list-icon  \" data-animation=\"\" data-animation-delay=\"03\" style=\"margin-right:5px;\"><div class=\"ult-just-icon-wrapper  \"><div class=\"align-icon\" style=\"text-align:center;\">\n<div class=\"aio-icon none \"  style=\"color:#96262c;font-size:15px;display:inline-block;\">\n\t<i class=\"Defaults-chevron-right\"><\/i>\n<\/div><\/div><\/div>\n<\/div><span  data-ultimate-target='#list-icon-wrap-1964 .uavc-list-desc'  data-responsive-json-new='{\"font-size\":\"\",\"line-height\":\"\"}'  class=\"uavc-list-desc ult-responsive\" style=\"\">Planning and establishment of economic and financial goals (Budgetary Planning)<\/span><\/div><\/li><li><div class=\"uavc-list-content\" id=\"list-icon-wrap-8974\">\n<div class=\"uavc-list-icon  \" data-animation=\"\" data-animation-delay=\"03\" style=\"margin-right:5px;\"><div class=\"ult-just-icon-wrapper  \"><div class=\"align-icon\" style=\"text-align:center;\">\n<div class=\"aio-icon none \"  style=\"color:#96262c;font-size:15px;display:inline-block;\">\n\t<i class=\"Defaults-chevron-right\"><\/i>\n<\/div><\/div><\/div>\n<\/div><span  data-ultimate-target='#list-icon-wrap-8974 .uavc-list-desc'  data-responsive-json-new='{\"font-size\":\"\",\"line-height\":\"\"}'  class=\"uavc-list-desc ult-responsive\" style=\"\">Monitoring of cash flow control and analysis of necessary working capital.<\/span><\/div><\/li><\/ul><\/div><\/div><\/div><\/div><div class=\"vc_col-sm-4 wpb_column vc_column_container\"><div class=\"vc_column-inner\"><div class=\"wpb_wrapper\"><div class=\"uavc-list-icon uavc-list-icon-wrapper ult-adjust-bottom-margin   \"><ul class=\"uavc-list\"><li><div class=\"uavc-list-content\" id=\"list-icon-wrap-3032\">\n<div class=\"uavc-list-icon  \" data-animation=\"\" data-animation-delay=\"03\" style=\"margin-right:5px;\"><div class=\"ult-just-icon-wrapper  \"><div class=\"align-icon\" style=\"text-align:center;\">\n<div class=\"aio-icon none \"  style=\"color:#96262c;font-size:15px;display:inline-block;\">\n\t<i class=\"Defaults-chevron-right\"><\/i>\n<\/div><\/div><\/div>\n<\/div><span  data-ultimate-target='#list-icon-wrap-3032 .uavc-list-desc'  data-responsive-json-new='{\"font-size\":\"\",\"line-height\":\"\"}'  class=\"uavc-list-desc ult-responsive\" style=\"\">Evaluation and structuring of business costs (variable \/ fixed costs versus costing system \/ expenditures)<\/span><\/div><\/li><\/ul><\/div><\/div><\/div><\/div><\/div><div class=\"wpb_text_column\"><div class=\"wpb_wrapper\"><p>Also within the scope of analysis, Ribas Secco meets corporate restructuring and recovery demands and support for requests for recovery.<\/p>\n<p>Our work regarding restructuring consists of a set of activities which pursue a return to profitability and operational cost-effectiveness, whose scope includes strategic, operational, and financial restructuring, often resulting in better allocation of resources, cost reductions, and a decrease in eventual waste.<\/p>\n<p>In many cases, the restructuring also includes an administrative assessment, where the recovery strategy consists of a complete blueprint in a step-by-step process involving all areas of the company, presented in detail and mitigating its feasibility.A reestrutura\u00e7\u00e3o compreende ainda, em muitos casos, uma auditoria administrativa, enquanto que a recupera\u00e7\u00e3o consiste na elabora\u00e7\u00e3o de um plano completo com o envolvimento de todas as \u00e1reas da empresa, etapa a etapa, detalhadamente apresentada e justificada sua viabilidade.<\/p>\n<\/div><\/div>[vc_custom_heading text=&#8221;Corporate Valuation&#8221; use_theme_fonts=&#8221;yes&#8221;]<div class=\"wpb_text_column\"><div class=\"wpb_wrapper\"><p>Using a set of globally-accepted techniques to establish the market value of a particular company or group of companies, including the increase of its assets value (tangible and intangible) such as machinery, equipment, brands, software, and IP. These investigations are created by analyzing, evaluating, and appraising its capacity of cash generation and transform it into results that portray the value of the company.<\/p>\n<p>This work, in a broad and comprehensive manner, addresses a range of factors related to the economic and financial performance of the company or group of companies. It is a systematic process which utilizes quantitative models and involves a certain amount of subjectivity from the analyst, such as the definition of assumptions and the selection of data to be used.<\/p>\n<p>The result is of fundamental importance in making decisions in mergers, acquisitions, spin-offs, renegotiation of debt, purchases and sales of holdings, incorporations or in search of identifying the feasibility of investing in certain endeavors and \/ or investments, among other purposes.<\/p>\n<\/div><\/div><\/div><\/div><\/div><\/div><\/div><\/section>\n","protected":false},"excerpt":{"rendered":"[vc_custom_heading text=\"Analysis and Valuations\" use_theme_fonts=\"yes\"]We provide support services and business management assistance including analyzes and evaluations which we separate into 2 groups: [vc_custom_heading text=\"Business Analyses\" use_theme_fonts=\"yes\"]Identify the current accounting and financial situation of the company through means of diagnosis, and acting upon the improvement points with the implementation of management controls and procedures such as:...","protected":false},"author":2,"featured_media":0,"parent":1955,"menu_order":0,"comment_status":"closed","ping_status":"closed","template":"","meta":{"footnotes":""},"class_list":["post-1957","page","type-page","status-publish","hentry"],"_links":{"self":[{"href":"https:\/\/ribas-secco.com\/en\/wp-json\/wp\/v2\/pages\/1957","targetHints":{"allow":["GET"]}}],"collection":[{"href":"https:\/\/ribas-secco.com\/en\/wp-json\/wp\/v2\/pages"}],"about":[{"href":"https:\/\/ribas-secco.com\/en\/wp-json\/wp\/v2\/types\/page"}],"author":[{"embeddable":true,"href":"https:\/\/ribas-secco.com\/en\/wp-json\/wp\/v2\/users\/2"}],"replies":[{"embeddable":true,"href":"https:\/\/ribas-secco.com\/en\/wp-json\/wp\/v2\/comments?post=1957"}],"version-history":[{"count":0,"href":"https:\/\/ribas-secco.com\/en\/wp-json\/wp\/v2\/pages\/1957\/revisions"}],"up":[{"embeddable":true,"href":"https:\/\/ribas-secco.com\/en\/wp-json\/wp\/v2\/pages\/1955"}],"wp:attachment":[{"href":"https:\/\/ribas-secco.com\/en\/wp-json\/wp\/v2\/media?parent=1957"}],"curies":[{"name":"wp","href":"https:\/\/api.w.org\/{rel}","templated":true}]}}